{"id":7,"date":"2018-11-07T20:26:22","date_gmt":"2018-11-07T19:26:22","guid":{"rendered":"http:\/\/www.computerservice-kussatz.de\/?page_id=7"},"modified":"2022-01-15T17:59:39","modified_gmt":"2022-01-15T16:59:39","slug":"kontakt","status":"publish","type":"page","link":"https:\/\/www.computerservice-kussatz.de\/index.php\/kontakt\/","title":{"rendered":"Kontakt"},"content":{"rendered":"<p><strong>Computerservice Kussat<\/strong>z<br \/>\nInhaber: Ren\u00e9 Kussatz<\/p>\n<p>Seestra\u00dfe 89a<br \/>\n15738 Zeuthen<\/p>\n<p><strong>Tel.:<\/strong> 033762 18 88 92 (Mo. &#8211; Fr. 9:00 &#8211; 18:00 Uhr)<br \/>\n<strong>B\u00fcro:<\/strong> 033762 88 97 24 (Mo. &#8211; Fr. 9:00 &#8211; 18:00 Uhr)<br \/>\n<strong>Fax:<\/strong> 033762 88 97 42<\/p>\n<p><strong>Mobil:<\/strong> 0171 57 03 877<\/p>\n","protected":false},"excerpt":{"rendered":"<p>Computerservice Kussatz Inhaber: Ren\u00e9 Kussatz Seestra\u00dfe 89a 15738 Zeuthen Tel.: 033762 18 88 92 (Mo. &#8211; Fr. 9:00 &#8211; 18:00 Uhr) B\u00fcro: 033762 88 97 24 (Mo. &#8211; Fr. 9:00 &#8211; 18:00 Uhr) Fax: 033762 88 97 42 Mobil: 0171 57 03 877<\/p>\n","protected":false},"author":1,"featured_media":0,"parent":0,"menu_order":0,"comment_status":"closed","ping_status":"closed","template":"","meta":{"footnotes":""},"_links":{"self":[{"href":"https:\/\/www.computerservice-kussatz.de\/index.php\/wp-json\/wp\/v2\/pages\/7"}],"collection":[{"href":"https:\/\/www.computerservice-kussatz.de\/index.php\/wp-json\/wp\/v2\/pages"}],"about":[{"href":"https:\/\/www.computerservice-kussatz.de\/index.php\/wp-json\/wp\/v2\/types\/page"}],"author":[{"embeddable":true,"href":"https:\/\/www.computerservice-kussatz.de\/index.php\/wp-json\/wp\/v2\/users\/1"}],"replies":[{"embeddable":true,"href":"https:\/\/www.computerservice-kussatz.de\/index.php\/wp-json\/wp\/v2\/comments?post=7"}],"version-history":[{"count":12,"href":"https:\/\/www.computerservice-kussatz.de\/index.php\/wp-json\/wp\/v2\/pages\/7\/revisions"}],"predecessor-version":[{"id":159,"href":"https:\/\/www.computerservice-kussatz.de\/index.php\/wp-json\/wp\/v2\/pages\/7\/revisions\/159"}],"wp:attachment":[{"href":"https:\/\/www.computerservice-kussatz.de\/index.php\/wp-json\/wp\/v2\/media?parent=7"}],"curies":[{"name":"wp","href":"https:\/\/api.w.org\/{rel}","templated":true}]}}